{"id":100,"date":"2021-11-23T12:04:24","date_gmt":"2021-11-23T12:04:24","guid":{"rendered":"https:\/\/teoreticdabuleni.ro\/?page_id=100"},"modified":"2025-10-01T07:44:52","modified_gmt":"2025-10-01T07:44:52","slug":"despre-noi","status":"publish","type":"page","link":"https:\/\/teoreticdabuleni.ro\/?page_id=100","title":{"rendered":"Despre noi"},"content":{"rendered":"\n<p style=\"font-size:30px\"><strong><em>Din 1961. Din genera\u021bie \u00een genera\u021bie.<\/em><\/strong><\/p>\n\n\n\n<div class=\"wp-block-columns is-layout-flex wp-container-core-columns-is-layout-9d6595d7 wp-block-columns-is-layout-flex\">\n<div class=\"wp-block-column is-layout-flow wp-block-column-is-layout-flow\" style=\"flex-basis:100%\">\n<div class=\"wp-block-group\"><div class=\"wp-block-group__inner-container is-layout-flow wp-block-group-is-layout-flow\">\n<div class=\"wp-block-columns are-vertically-aligned-center is-layout-flex wp-container-core-columns-is-layout-9d6595d7 wp-block-columns-is-layout-flex\">\n<div class=\"wp-block-column is-vertically-aligned-center is-layout-flow wp-block-column-is-layout-flow\" style=\"flex-basis:50%\"><div class=\"wp-block-image is-style-rounded\">\n<figure class=\"aligncenter\"><img fetchpriority=\"high\" decoding=\"async\" width=\"1024\" height=\"768\" src=\"https:\/\/teoreticdabuleni.ro\/wp-content\/uploads\/2021\/11\/LICEU-1.jpg\" alt=\"\" class=\"wp-image-40\" srcset=\"https:\/\/teoreticdabuleni.ro\/wp-content\/uploads\/2021\/11\/LICEU-1.jpg 1024w, https:\/\/teoreticdabuleni.ro\/wp-content\/uploads\/2021\/11\/LICEU-1-300x225.jpg 300w, https:\/\/teoreticdabuleni.ro\/wp-content\/uploads\/2021\/11\/LICEU-1-768x576.jpg 768w\" sizes=\"(max-width: 1024px) 100vw, 1024px\" \/><\/figure>\n<\/div>\n\n<div class=\"wp-block-image is-style-rounded\">\n<figure class=\"aligncenter size-large\"><img decoding=\"async\" width=\"1024\" height=\"576\" src=\"https:\/\/teoreticdabuleni.ro\/wp-content\/uploads\/2021\/11\/informatica-1024x576.jpg\" alt=\"\" class=\"wp-image-74\" srcset=\"https:\/\/teoreticdabuleni.ro\/wp-content\/uploads\/2021\/11\/informatica-1024x576.jpg 1024w, https:\/\/teoreticdabuleni.ro\/wp-content\/uploads\/2021\/11\/informatica-300x169.jpg 300w, https:\/\/teoreticdabuleni.ro\/wp-content\/uploads\/2021\/11\/informatica-768x432.jpg 768w, https:\/\/teoreticdabuleni.ro\/wp-content\/uploads\/2021\/11\/informatica-1536x864.jpg 1536w, https:\/\/teoreticdabuleni.ro\/wp-content\/uploads\/2021\/11\/informatica.jpg 2048w\" sizes=\"(max-width: 1024px) 100vw, 1024px\" \/><\/figure>\n<\/div>\n\n<div class=\"wp-block-image is-style-rounded\">\n<figure class=\"aligncenter size-large\"><img decoding=\"async\" width=\"1024\" height=\"768\" src=\"https:\/\/teoreticdabuleni.ro\/wp-content\/uploads\/2021\/11\/chimie-1024x768.jpg\" alt=\"\" class=\"wp-image-75\" srcset=\"https:\/\/teoreticdabuleni.ro\/wp-content\/uploads\/2021\/11\/chimie-1024x768.jpg 1024w, https:\/\/teoreticdabuleni.ro\/wp-content\/uploads\/2021\/11\/chimie-300x225.jpg 300w, https:\/\/teoreticdabuleni.ro\/wp-content\/uploads\/2021\/11\/chimie-768x576.jpg 768w, https:\/\/teoreticdabuleni.ro\/wp-content\/uploads\/2021\/11\/chimie-1536x1152.jpg 1536w, https:\/\/teoreticdabuleni.ro\/wp-content\/uploads\/2021\/11\/chimie.jpg 1600w\" sizes=\"(max-width: 1024px) 100vw, 1024px\" \/><\/figure>\n<\/div>\n\n<div class=\"wp-block-image is-style-rounded\">\n<figure class=\"aligncenter size-full\"><img loading=\"lazy\" decoding=\"async\" width=\"925\" height=\"540\" src=\"https:\/\/teoreticdabuleni.ro\/wp-content\/uploads\/2021\/11\/sanitara.jpg\" alt=\"\" class=\"wp-image-76\" srcset=\"https:\/\/teoreticdabuleni.ro\/wp-content\/uploads\/2021\/11\/sanitara.jpg 925w, https:\/\/teoreticdabuleni.ro\/wp-content\/uploads\/2021\/11\/sanitara-300x175.jpg 300w, https:\/\/teoreticdabuleni.ro\/wp-content\/uploads\/2021\/11\/sanitara-768x448.jpg 768w\" sizes=\"(max-width: 925px) 100vw, 925px\" \/><\/figure>\n<\/div><\/div>\n\n\n\n<div class=\"wp-block-column is-layout-flow wp-block-column-is-layout-flow\" style=\"flex-basis:50%\">\n<p align=\"justify\"><strong><em><span class=\"has-inline-color has-luminous-vivid-amber-color\">\u00a0 \u00a0 \u00a0Liceul Teoretic \u201eConstantin Br\u00e2ncoveanu\u201d se afl\u0103 situat \u00een localitatea D\u0103buleni aproape de centrul ora\u0219ului la 200 de metri nord de \u0219oseaua Craiova &#8211; Corabia pe str. Marin Preda, Nr. 4. In unitatea noastr\u0103 \u00ee\u0219i desf\u0103\u0219oar\u0103 activitatea\u00a0 803 de elevi \u015fi\u00a0 76 de angaja\u021bi (cadre didactice, personal didactic auxiliar \u0219i personal nedidactic).<\/span><\/em><\/strong><\/p>\n\n\n\n<p align=\"justify\"><strong><em><span class=\"has-inline-color has-luminous-vivid-amber-color\">\u00a0 \u00a0 \u00a0Liceul Teoretic este <sup>.<\/sup>un complex \u0219colar ce dispune de spatii de \u00eenv\u0103\u021b\u0103m\u00e2nt (corpul A \u015fi corpul B), terenuri de sport in aer liber, precum \u015fi o sal\u0103 de sport.<\/span><\/em><\/strong><\/p>\n\n\n\n<p><strong><em><span class=\"has-inline-color has-luminous-vivid-amber-color\">Liceul&nbsp;dispune de&nbsp;urmatoarele dotari:<\/span><\/em><\/strong><\/p>\n\n\n\n<p><strong><em><span class=\"has-inline-color has-luminous-vivid-amber-color\">*&nbsp; s\u0103li de clas\u0103, pardosite cu parchet din lemn \u0219i dotate cu mobilier nou.<\/span><\/em><\/strong><\/p>\n\n\n\n<p><strong><em><span class=\"has-inline-color has-luminous-vivid-amber-color\">*&nbsp; laboratoare<\/span><\/em><\/strong><\/p>\n\n\n\n<p><strong><em><span class=\"has-inline-color has-pale-pink-color\">\u00b7&nbsp;&nbsp;&nbsp;&nbsp;&nbsp;&nbsp;de fizic\u0103-chimie dotat corespunz\u0103tor, cu gresie, apa curent\u0103 \u015fi mobilier nou;<\/span><\/em><\/strong><\/p>\n\n\n\n<p><strong><em><span class=\"has-inline-color has-pale-pink-color\">\u00b7&nbsp;&nbsp;&nbsp;&nbsp;&nbsp;&nbsp;de biologie modern \u0219i dotat corespunz\u0103tor;<\/span><\/em><\/strong><\/p>\n\n\n\n<p><strong><em><span class=\"has-inline-color has-pale-pink-color\">\u00b7&nbsp; &nbsp; &nbsp;&nbsp;de&nbsp;informatic\u0103 dotat corespunz\u0103tor, mobilier nou, aer condi\u021bionat<\/span><\/em><span class=\"has-inline-color has-pale-pink-color\">.<\/span><\/strong><\/p>\n\n\n\n<p><strong><em><span class=\"has-inline-color has-luminous-vivid-amber-color\">*&nbsp; cancelarie, biblioteca, cabinete pentru director, director adjunct,&nbsp; secretariat, contabilitate,&nbsp;consilierul psihopedagogic, toalete pentru elevi \u0219i cadrele&nbsp; &nbsp; &nbsp; &nbsp; didactice;<\/span><\/em><\/strong><\/p>\n\n\n\n<p><strong><em><span class=\"has-inline-color has-luminous-vivid-amber-color\">&nbsp;* cabinet medical<\/span><\/em><\/strong><\/p>\n<\/div>\n<\/div>\n<\/div><\/div>\n<\/div>\n<\/div>\n\n\n\n<p><\/p>\n","protected":false},"excerpt":{"rendered":"<p>Din 1961. Din genera\u021bie \u00een genera\u021bie. \u00a0 \u00a0 \u00a0Liceul Teoretic \u201eConstantin Br\u00e2ncoveanu\u201d se afl\u0103 situat \u00een localitatea D\u0103buleni aproape de &hellip; <\/p>\n","protected":false},"author":1,"featured_media":0,"parent":0,"menu_order":0,"comment_status":"closed","ping_status":"closed","template":"","meta":{"footnotes":""},"class_list":["post-100","page","type-page","status-publish","hentry"],"_links":{"self":[{"href":"https:\/\/teoreticdabuleni.ro\/index.php?rest_route=\/wp\/v2\/pages\/100","targetHints":{"allow":["GET"]}}],"collection":[{"href":"https:\/\/teoreticdabuleni.ro\/index.php?rest_route=\/wp\/v2\/pages"}],"about":[{"href":"https:\/\/teoreticdabuleni.ro\/index.php?rest_route=\/wp\/v2\/types\/page"}],"author":[{"embeddable":true,"href":"https:\/\/teoreticdabuleni.ro\/index.php?rest_route=\/wp\/v2\/users\/1"}],"replies":[{"embeddable":true,"href":"https:\/\/teoreticdabuleni.ro\/index.php?rest_route=%2Fwp%2Fv2%2Fcomments&post=100"}],"version-history":[{"count":3,"href":"https:\/\/teoreticdabuleni.ro\/index.php?rest_route=\/wp\/v2\/pages\/100\/revisions"}],"predecessor-version":[{"id":564,"href":"https:\/\/teoreticdabuleni.ro\/index.php?rest_route=\/wp\/v2\/pages\/100\/revisions\/564"}],"wp:attachment":[{"href":"https:\/\/teoreticdabuleni.ro\/index.php?rest_route=%2Fwp%2Fv2%2Fmedia&parent=100"}],"curies":[{"name":"wp","href":"https:\/\/api.w.org\/{rel}","templated":true}]}}