{"id":127,"date":"2021-11-24T10:59:59","date_gmt":"2021-11-24T10:59:59","guid":{"rendered":"https:\/\/teoreticdabuleni.ro\/?page_id=127"},"modified":"2022-05-24T08:43:53","modified_gmt":"2022-05-24T08:43:53","slug":"organizare","status":"publish","type":"page","link":"https:\/\/teoreticdabuleni.ro\/?page_id=127","title":{"rendered":"Conducere:"},"content":{"rendered":"\n<ul class=\"has-black-color has-text-color has-background has-large-font-size wp-block-list\" style=\"background-color:#c0dced\"><li><strong>Director <\/strong>prof. COJOCARU Adriana<\/li><\/ul>\n\n\n\n<ul class=\"has-black-color has-cyan-bluish-gray-background-color has-text-color has-background has-large-font-size wp-block-list\"><li><strong>Director adjunct <\/strong> BRO\u0218TEANU Iliu\u021b\u0103-C\u0103t\u0103lin<\/li><\/ul>\n\n\n\n<p class=\"has-medium-font-size\"><\/p>\n","protected":false},"excerpt":{"rendered":"<p>Director prof. COJOCARU Adriana Director adjunct BRO\u0218TEANU Iliu\u021b\u0103-C\u0103t\u0103lin<\/p>\n","protected":false},"author":1,"featured_media":0,"parent":0,"menu_order":0,"comment_status":"closed","ping_status":"closed","template":"","meta":{"footnotes":""},"class_list":["post-127","page","type-page","status-publish","hentry"],"_links":{"self":[{"href":"https:\/\/teoreticdabuleni.ro\/index.php?rest_route=\/wp\/v2\/pages\/127","targetHints":{"allow":["GET"]}}],"collection":[{"href":"https:\/\/teoreticdabuleni.ro\/index.php?rest_route=\/wp\/v2\/pages"}],"about":[{"href":"https:\/\/teoreticdabuleni.ro\/index.php?rest_route=\/wp\/v2\/types\/page"}],"author":[{"embeddable":true,"href":"https:\/\/teoreticdabuleni.ro\/index.php?rest_route=\/wp\/v2\/users\/1"}],"replies":[{"embeddable":true,"href":"https:\/\/teoreticdabuleni.ro\/index.php?rest_route=%2Fwp%2Fv2%2Fcomments&post=127"}],"version-history":[{"count":5,"href":"https:\/\/teoreticdabuleni.ro\/index.php?rest_route=\/wp\/v2\/pages\/127\/revisions"}],"predecessor-version":[{"id":200,"href":"https:\/\/teoreticdabuleni.ro\/index.php?rest_route=\/wp\/v2\/pages\/127\/revisions\/200"}],"wp:attachment":[{"href":"https:\/\/teoreticdabuleni.ro\/index.php?rest_route=%2Fwp%2Fv2%2Fmedia&parent=127"}],"curies":[{"name":"wp","href":"https:\/\/api.w.org\/{rel}","templated":true}]}}