{"id":169,"date":"2021-12-14T13:31:23","date_gmt":"2021-12-14T13:31:23","guid":{"rendered":"https:\/\/teoreticdabuleni.ro\/?page_id=169"},"modified":"2026-02-04T08:46:53","modified_gmt":"2026-02-04T06:46:53","slug":"erasmus","status":"publish","type":"page","link":"https:\/\/teoreticdabuleni.ro\/?page_id=169","title":{"rendered":"ERASMUS+"},"content":{"rendered":"\n<div class=\"wp-block-group\"><div class=\"wp-block-group__inner-container is-layout-constrained wp-block-group-is-layout-constrained\">\n<div class=\"wp-block-group\"><div class=\"wp-block-group__inner-container is-layout-constrained wp-block-group-is-layout-constrained\">\n<div class=\"wp-block-group\"><div class=\"wp-block-group__inner-container is-layout-constrained wp-block-group-is-layout-constrained\">\n<p class=\"has-text-align-center has-pale-cyan-blue-background-color has-background\"><strong>Rezultate finale ERASMUS+ 2025<\/strong><br><strong><a href=\"https:\/\/teoreticdabuleni.ro\/wp-content\/uploads\/2025\/11\/Rez-finale-2025.pdf\" target=\"_blank\" rel=\"noreferrer noopener\">Rezultate finale la mobilitatea din cadrul proiectului<\/a><\/strong><br><strong>Nr. <a>2025-1-RO01-KA121-VET-000308331<\/a><\/strong><br><strong>Cod Acreditare: 2023-1-RO01-KA120-VET-000185938<\/strong><\/p>\n\n\n\n<hr class=\"wp-block-separator has-alpha-channel-opacity\"\/>\n\n\n\n<p class=\"has-text-align-center has-luminous-vivid-amber-background-color has-background\"><strong>Rezultate ini\u021biale ERASMUS+ 2025<\/strong><br><strong><a href=\"https:\/\/teoreticdabuleni.ro\/wp-content\/uploads\/2025\/11\/Rezultate-initiale-2025.pdf\">Rezultate ini\u021biale la mobilitatea din cadrul proiectului<\/a><\/strong><br><strong>Nr. <a>2025-1-RO01-KA121-VET-000308331<\/a><\/strong><br><strong>Cod Acreditare: 2023-1-RO01-KA120-VET-000185938<\/strong><\/p>\n\n\n\n<hr class=\"wp-block-separator has-alpha-channel-opacity\"\/>\n\n\n\n<p class=\"has-text-align-center has-vivid-green-cyan-background-color has-background\"><strong>Rezultate ERASMUS+ selectie dosare 2025<\/strong><br><strong><u><a href=\"https:\/\/teoreticdabuleni.ro\/wp-content\/uploads\/2025\/11\/Rezultate-selectie-2025-1.pdf\" target=\"_blank\" rel=\"noreferrer noopener\">Rezultate selec\u0163ie dosare ale participan\u0163ilor la mobilitatea din cadrul proiectului<\/a><\/u><\/strong><br><strong>Nr. <a>2025-1-RO01-KA121-VET-000308331<\/a><\/strong><br><strong>Cod Acreditare: 2023-1-RO01-KA120-VET-000185938<\/strong><\/p>\n<\/div><\/div>\n<\/div><\/div>\n<\/div><\/div>\n\n\n\n<div class=\"wp-block-media-text is-stacked-on-mobile is-vertically-aligned-center\"><figure class=\"wp-block-media-text__media\"><video controls src=\"https:\/\/teoreticdabuleni.ro\/wp-content\/uploads\/2025\/11\/ERASMUS-DAYS-3-final-sunet.mp4\"><\/video><\/figure><div class=\"wp-block-media-text__content\">\n<p class=\"has-text-align-center has-pale-cyan-blue-background-color has-background\">S\u0103rb\u0103torirea ZILELOR ERASMUS la Liceul Teoretic \u201eConstantin Br\u00e2ncoveanu\u201d D\u0103buleni!<\/p>\n<\/div><\/div>\n\n\n\n<figure class=\"wp-block-embed aligncenter is-type-wp-embed is-provider-liceul-teoretic-constantin-br-ncoveanu-d-buleni wp-block-embed-liceul-teoretic-constantin-br-ncoveanu-d-buleni\"><div class=\"wp-block-embed__wrapper\">\n<blockquote class=\"wp-embedded-content\" data-secret=\"Ak4M2oA1MW\"><a href=\"https:\/\/teoreticdabuleni.ro\/?p=566\">PROIECT ERASMUS+ 2025 &#8211; selec\u021bie<\/a><\/blockquote><iframe class=\"wp-embedded-content\" sandbox=\"allow-scripts\" security=\"restricted\" style=\"position: absolute; visibility: hidden;\" title=\"&#8222;PROIECT ERASMUS+ 2025 &#8211; selec\u021bie&#8221; &#8211; Liceul Teoretic \u201dConstantin Br\u00e2ncoveanu\u201d D\u0103buleni\" src=\"https:\/\/teoreticdabuleni.ro\/?p=566&#038;embed=true#?secret=bAb4SfQrZG#?secret=Ak4M2oA1MW\" data-secret=\"Ak4M2oA1MW\" width=\"600\" height=\"338\" frameborder=\"0\" marginwidth=\"0\" marginheight=\"0\" scrolling=\"no\"><\/iframe>\n<\/div><\/figure>\n\n\n\n<p class=\"has-text-align-center has-light-green-cyan-background-color has-background\">S\u0103pt\u0103m\u00e2na #ErasmusDays la Liceul Teoretic \u201cConstantin Br\u00e2ncoveanu\u201d D\u0103buleni a marcat finalizarea procesului de selec\u021bie a elevilor participan\u021bi la proiectul Nr. 2024-1-RO01-KA121-VET-000203902<br>Cod Acreditare: 2023-1-RO01-KA120-VET-000185938. <a href=\"https:\/\/teoreticdabuleni.ro\/wp-content\/uploads\/2024\/10\/rezultate-selectie-1.pdf\">aici<\/a><\/p>\n\n\n\n<p class=\"has-pale-cyan-blue-background-color has-background\">Formare profesional\u0103 din cadrul proiectului de mobilitate&nbsp; <strong>Nr. 2024-1-RO01-KA121-VET-000203902\/Cod Acreditare: 2023-1-RO01-KA120-VET-000185938<\/strong> <a href=\"https:\/\/teoreticdabuleni.ro\/?p=505\">aici<\/a><\/p>\n\n\n\n<div class=\"wp-block-columns is-layout-flex wp-container-core-columns-is-layout-9d6595d7 wp-block-columns-is-layout-flex\">\n<div class=\"wp-block-column is-layout-flow wp-block-column-is-layout-flow\" style=\"flex-basis:50%\">\n<figure class=\"wp-block-image\"><img fetchpriority=\"high\" decoding=\"async\" width=\"1024\" height=\"724\" src=\"https:\/\/teoreticdabuleni.ro\/wp-content\/uploads\/2024\/09\/1-1024x724.jpg\" alt=\"\" class=\"wp-image-500\" srcset=\"https:\/\/teoreticdabuleni.ro\/wp-content\/uploads\/2024\/09\/1-1024x724.jpg 1024w, https:\/\/teoreticdabuleni.ro\/wp-content\/uploads\/2024\/09\/1-300x212.jpg 300w, https:\/\/teoreticdabuleni.ro\/wp-content\/uploads\/2024\/09\/1-768x543.jpg 768w, https:\/\/teoreticdabuleni.ro\/wp-content\/uploads\/2024\/09\/1-1536x1085.jpg 1536w, https:\/\/teoreticdabuleni.ro\/wp-content\/uploads\/2024\/09\/1-2048x1447.jpg 2048w\" sizes=\"(max-width: 1024px) 100vw, 1024px\" \/><\/figure>\n\n\n\n<figure class=\"wp-block-image size-large is-resized\"><img decoding=\"async\" width=\"1024\" height=\"792\" src=\"https:\/\/teoreticdabuleni.ro\/wp-content\/uploads\/2024\/09\/2--1024x792.jpg\" alt=\"\" class=\"wp-image-501\" style=\"width:442px;height:auto\" srcset=\"https:\/\/teoreticdabuleni.ro\/wp-content\/uploads\/2024\/09\/2--1024x792.jpg 1024w, https:\/\/teoreticdabuleni.ro\/wp-content\/uploads\/2024\/09\/2--300x232.jpg 300w, https:\/\/teoreticdabuleni.ro\/wp-content\/uploads\/2024\/09\/2--768x594.jpg 768w, https:\/\/teoreticdabuleni.ro\/wp-content\/uploads\/2024\/09\/2--1536x1187.jpg 1536w, https:\/\/teoreticdabuleni.ro\/wp-content\/uploads\/2024\/09\/2-.jpg 2048w\" sizes=\"(max-width: 1024px) 100vw, 1024px\" \/><\/figure>\n\n\n\n<figure class=\"wp-block-image size-full\"><img decoding=\"async\" width=\"1024\" height=\"728\" src=\"https:\/\/teoreticdabuleni.ro\/wp-content\/uploads\/2024\/09\/sigla-pentru-titlu.png\" alt=\"\" class=\"wp-image-502\" srcset=\"https:\/\/teoreticdabuleni.ro\/wp-content\/uploads\/2024\/09\/sigla-pentru-titlu.png 1024w, https:\/\/teoreticdabuleni.ro\/wp-content\/uploads\/2024\/09\/sigla-pentru-titlu-300x213.png 300w, https:\/\/teoreticdabuleni.ro\/wp-content\/uploads\/2024\/09\/sigla-pentru-titlu-768x546.png 768w\" sizes=\"(max-width: 1024px) 100vw, 1024px\" \/><\/figure>\n<\/div>\n\n\n\n<div class=\"wp-block-column is-vertically-aligned-center is-layout-flow wp-block-column-is-layout-flow\" style=\"flex-basis:50%\">\n<p>       \u00cencep\u00e2nd cu data de 01.02.2024, Liceul Teoretic \u201cConstantin Br\u00e2ncoveanu\u201d D\u0103buleni este acreditat ERASMUS \u00een domeniul Formare Profesional\u0103 VET de c\u0103tre Agen\u021bia Na\u021bional\u0103 pentru Programe Comunitare \u00een Domeniul Educa\u021biei \u0219i Form\u0103rii Profesionale \u2013 ANPCDEFP, conform codului de Acreditare 2023-1-RO01-KA120-VET-000185938.<\/p>\n\n\n\n<div class=\"wp-block-group\"><div class=\"wp-block-group__inner-container is-layout-constrained wp-block-group-is-layout-constrained\">\n<p>     Perioada de valabilitate a prezentei Acredit\u0103ri este 01.02.2024 \u2013 31.12.2027.<\/p>\n<\/div><\/div>\n\n\n\n<p>     Acreditarea Erasmus este un acord cadru \u00een baza c\u0103ruia institu\u021bia noastr\u0103 se angajeaz\u0103 s\u0103 deruleze mobilit\u0103\u021bile \u00een perioada 2024 \u2013 2027 \u00een domeniul form\u0103rii profesionale, prev\u0103zute pentru a ne atinge obiectivele din Planul Erasmus. Ca urmare, Liceul Teoretic \u201cConstantin Br\u00e2ncoveanu\u201d va fi beneficiarul proiectului Erasmus+ 2024-1-RO01-KA121-VET-000203902.<\/p>\n\n\n\n<p>     Director: prof. Adriana COJOCARU<\/p>\n\n\n\n<p>     Coordonator ERASMUS+: prof. dr. Alina ZARIA<\/p>\n<\/div>\n<\/div>\n\n\n\n<div class=\"wp-block-columns is-layout-flex wp-container-core-columns-is-layout-9d6595d7 wp-block-columns-is-layout-flex\">\n<div class=\"wp-block-column is-layout-flow wp-block-column-is-layout-flow\">\n<figure class=\"wp-block-image size-large\"><img loading=\"lazy\" decoding=\"async\" width=\"1024\" height=\"1024\" src=\"https:\/\/teoreticdabuleni.ro\/wp-content\/uploads\/2021\/12\/flayer1-1024x1024.jpg\" alt=\"\" class=\"wp-image-176\" srcset=\"https:\/\/teoreticdabuleni.ro\/wp-content\/uploads\/2021\/12\/flayer1-1024x1024.jpg 1024w, https:\/\/teoreticdabuleni.ro\/wp-content\/uploads\/2021\/12\/flayer1-300x300.jpg 300w, https:\/\/teoreticdabuleni.ro\/wp-content\/uploads\/2021\/12\/flayer1-150x150.jpg 150w, https:\/\/teoreticdabuleni.ro\/wp-content\/uploads\/2021\/12\/flayer1-768x768.jpg 768w, https:\/\/teoreticdabuleni.ro\/wp-content\/uploads\/2021\/12\/flayer1-70x70.jpg 70w, https:\/\/teoreticdabuleni.ro\/wp-content\/uploads\/2021\/12\/flayer1-246x246.jpg 246w, https:\/\/teoreticdabuleni.ro\/wp-content\/uploads\/2021\/12\/flayer1-276x276.jpg 276w, https:\/\/teoreticdabuleni.ro\/wp-content\/uploads\/2021\/12\/flayer1-125x125.jpg 125w, https:\/\/teoreticdabuleni.ro\/wp-content\/uploads\/2021\/12\/flayer1.jpg 1080w\" sizes=\"(max-width: 1024px) 100vw, 1024px\" \/><\/figure>\n<\/div>\n\n\n\n<div class=\"wp-block-column is-layout-flow wp-block-column-is-layout-flow\">\n<figure class=\"wp-block-image size-large\"><img loading=\"lazy\" decoding=\"async\" width=\"1024\" height=\"1024\" src=\"https:\/\/teoreticdabuleni.ro\/wp-content\/uploads\/2021\/12\/Diseminare-proiect-1024x1024.jpg\" alt=\"\" class=\"wp-image-177\" srcset=\"https:\/\/teoreticdabuleni.ro\/wp-content\/uploads\/2021\/12\/Diseminare-proiect-1024x1024.jpg 1024w, https:\/\/teoreticdabuleni.ro\/wp-content\/uploads\/2021\/12\/Diseminare-proiect-300x300.jpg 300w, https:\/\/teoreticdabuleni.ro\/wp-content\/uploads\/2021\/12\/Diseminare-proiect-150x150.jpg 150w, https:\/\/teoreticdabuleni.ro\/wp-content\/uploads\/2021\/12\/Diseminare-proiect-768x768.jpg 768w, https:\/\/teoreticdabuleni.ro\/wp-content\/uploads\/2021\/12\/Diseminare-proiect-70x70.jpg 70w, https:\/\/teoreticdabuleni.ro\/wp-content\/uploads\/2021\/12\/Diseminare-proiect-246x246.jpg 246w, https:\/\/teoreticdabuleni.ro\/wp-content\/uploads\/2021\/12\/Diseminare-proiect-276x276.jpg 276w, https:\/\/teoreticdabuleni.ro\/wp-content\/uploads\/2021\/12\/Diseminare-proiect-125x125.jpg 125w, https:\/\/teoreticdabuleni.ro\/wp-content\/uploads\/2021\/12\/Diseminare-proiect.jpg 1080w\" sizes=\"(max-width: 1024px) 100vw, 1024px\" \/><\/figure>\n<\/div>\n<\/div>\n\n\n\n<figure class=\"wp-block-embed is-type-video is-provider-youtube wp-block-embed-youtube wp-embed-aspect-4-3 wp-has-aspect-ratio\"><div class=\"wp-block-embed__wrapper\">\nhttps:\/\/www.youtube.com\/watch?v=MXXUqoHyPYw\n<\/div><\/figure>\n\n\n\n<figure class=\"wp-block-embed is-type-video is-provider-youtube wp-block-embed-youtube wp-embed-aspect-16-9 wp-has-aspect-ratio\"><div class=\"wp-block-embed__wrapper\">\nhttps:\/\/www.youtube.com\/watch?v=tFZUj3_unNA\n<\/div><\/figure>\n\n\n\n<figure class=\"wp-block-embed is-type-video is-provider-youtube wp-block-embed-youtube wp-embed-aspect-16-9 wp-has-aspect-ratio\"><div class=\"wp-block-embed__wrapper\">\nhttps:\/\/www.youtube.com\/watch?v=8w-wa4WdES4\n<\/div><\/figure>\n\n\n\n<figure class=\"wp-block-embed is-type-video is-provider-youtube wp-block-embed-youtube wp-embed-aspect-16-9 wp-has-aspect-ratio\"><div class=\"wp-block-embed__wrapper\">\n<iframe title=\"ERASMUS GRANADA\" width=\"750\" height=\"422\" src=\"https:\/\/www.youtube.com\/embed\/Mo9GElhL34I?feature=oembed\" frameborder=\"0\" allow=\"accelerometer; autoplay; clipboard-write; encrypted-media; gyroscope; picture-in-picture; web-share\" referrerpolicy=\"strict-origin-when-cross-origin\" allowfullscreen><\/iframe>\n<\/div><\/figure>\n","protected":false},"excerpt":{"rendered":"<p>Rezultate finale ERASMUS+ 2025Rezultate finale la mobilitatea din cadrul proiectuluiNr. 2025-1-RO01-KA121-VET-000308331Cod Acreditare: 2023-1-RO01-KA120-VET-000185938 Rezultate ini\u021biale ERASMUS+ 2025Rezultate ini\u021biale la mobilitatea &hellip; <\/p>\n","protected":false},"author":1,"featured_media":0,"parent":0,"menu_order":0,"comment_status":"closed","ping_status":"closed","template":"","meta":{"footnotes":""},"class_list":["post-169","page","type-page","status-publish","hentry"],"_links":{"self":[{"href":"https:\/\/teoreticdabuleni.ro\/index.php?rest_route=\/wp\/v2\/pages\/169","targetHints":{"allow":["GET"]}}],"collection":[{"href":"https:\/\/teoreticdabuleni.ro\/index.php?rest_route=\/wp\/v2\/pages"}],"about":[{"href":"https:\/\/teoreticdabuleni.ro\/index.php?rest_route=\/wp\/v2\/types\/page"}],"author":[{"embeddable":true,"href":"https:\/\/teoreticdabuleni.ro\/index.php?rest_route=\/wp\/v2\/users\/1"}],"replies":[{"embeddable":true,"href":"https:\/\/teoreticdabuleni.ro\/index.php?rest_route=%2Fwp%2Fv2%2Fcomments&post=169"}],"version-history":[{"count":23,"href":"https:\/\/teoreticdabuleni.ro\/index.php?rest_route=\/wp\/v2\/pages\/169\/revisions"}],"predecessor-version":[{"id":645,"href":"https:\/\/teoreticdabuleni.ro\/index.php?rest_route=\/wp\/v2\/pages\/169\/revisions\/645"}],"wp:attachment":[{"href":"https:\/\/teoreticdabuleni.ro\/index.php?rest_route=%2Fwp%2Fv2%2Fmedia&parent=169"}],"curies":[{"name":"wp","href":"https:\/\/api.w.org\/{rel}","templated":true}]}}