{"id":211,"date":"2022-09-08T08:04:11","date_gmt":"2022-09-08T08:04:11","guid":{"rendered":"https:\/\/teoreticdabuleni.ro\/?page_id=211"},"modified":"2024-09-13T11:10:13","modified_gmt":"2024-09-13T11:10:13","slug":"scolarizare","status":"publish","type":"page","link":"https:\/\/teoreticdabuleni.ro\/?page_id=211","title":{"rendered":"\u0218colarizare"},"content":{"rendered":"\n<p class=\"has-light-green-cyan-background-color has-background\"><strong><a href=\"https:\/\/teoreticdabuleni.ro\/?cat=11\" data-type=\"link\" data-id=\"https:\/\/teoreticdabuleni.ro\/?cat=11\">\u00cenv\u0103\u021b\u0103m\u00e2nt pre\u0219colar<\/a><\/strong><\/p>\n\n\n\n<p class=\"has-pale-cyan-blue-background-color has-background\"><strong><a href=\"https:\/\/teoreticdabuleni.ro\/?page_id=220\" data-type=\"page\" data-id=\"220\">\u00cenv\u0103\u021b\u0103m\u00e2nt primar<\/a><\/strong><\/p>\n\n\n\n<p class=\"has-light-green-cyan-background-color has-background\"><strong><a href=\"https:\/\/teoreticdabuleni.ro\/?page_id=224\" data-type=\"page\" data-id=\"224\">\u00cenv\u0103\u021b\u0103m\u00e2nt gimnazial<\/a><\/strong><\/p>\n\n\n\n<p class=\"has-pale-cyan-blue-background-color has-background\"><strong><a href=\"https:\/\/teoreticdabuleni.ro\/?page_id=228\" data-type=\"page\" data-id=\"228\">\u00cenv\u0103\u021b\u0103m\u00e2nt liceal<\/a><\/strong><\/p>\n\n\n\n<p class=\"has-light-green-cyan-background-color has-background\"><strong><a href=\"https:\/\/teoreticdabuleni.ro\/?page_id=232\" data-type=\"page\" data-id=\"232\">\u00cenv\u0103\u021b\u0103m\u00e2nt postliceal<\/a><\/strong><\/p>\n\n\n\n<p><\/p>\n","protected":false},"excerpt":{"rendered":"<p>\u00cenv\u0103\u021b\u0103m\u00e2nt pre\u0219colar \u00cenv\u0103\u021b\u0103m\u00e2nt primar \u00cenv\u0103\u021b\u0103m\u00e2nt gimnazial \u00cenv\u0103\u021b\u0103m\u00e2nt liceal \u00cenv\u0103\u021b\u0103m\u00e2nt postliceal<\/p>\n","protected":false},"author":1,"featured_media":0,"parent":0,"menu_order":0,"comment_status":"closed","ping_status":"closed","template":"","meta":{"footnotes":""},"class_list":["post-211","page","type-page","status-publish","hentry"],"_links":{"self":[{"href":"https:\/\/teoreticdabuleni.ro\/index.php?rest_route=\/wp\/v2\/pages\/211","targetHints":{"allow":["GET"]}}],"collection":[{"href":"https:\/\/teoreticdabuleni.ro\/index.php?rest_route=\/wp\/v2\/pages"}],"about":[{"href":"https:\/\/teoreticdabuleni.ro\/index.php?rest_route=\/wp\/v2\/types\/page"}],"author":[{"embeddable":true,"href":"https:\/\/teoreticdabuleni.ro\/index.php?rest_route=\/wp\/v2\/users\/1"}],"replies":[{"embeddable":true,"href":"https:\/\/teoreticdabuleni.ro\/index.php?rest_route=%2Fwp%2Fv2%2Fcomments&post=211"}],"version-history":[{"count":6,"href":"https:\/\/teoreticdabuleni.ro\/index.php?rest_route=\/wp\/v2\/pages\/211\/revisions"}],"predecessor-version":[{"id":490,"href":"https:\/\/teoreticdabuleni.ro\/index.php?rest_route=\/wp\/v2\/pages\/211\/revisions\/490"}],"wp:attachment":[{"href":"https:\/\/teoreticdabuleni.ro\/index.php?rest_route=%2Fwp%2Fv2%2Fmedia&parent=211"}],"curies":[{"name":"wp","href":"https:\/\/api.w.org\/{rel}","templated":true}]}}