{"id":220,"date":"2022-09-08T08:27:07","date_gmt":"2022-09-08T08:27:07","guid":{"rendered":"https:\/\/teoreticdabuleni.ro\/?page_id=220"},"modified":"2023-03-31T08:58:17","modified_gmt":"2023-03-31T08:58:17","slug":"invatamant-primar","status":"publish","type":"page","link":"https:\/\/teoreticdabuleni.ro\/?page_id=220","title":{"rendered":"\u00cenv\u0103\u021b\u0103m\u00e2nt primar"},"content":{"rendered":"\n<div class=\"wp-block-group\"><div class=\"wp-block-group__inner-container is-layout-constrained wp-block-group-is-layout-constrained\">\n<div class=\"wp-block-group\"><div class=\"wp-block-group__inner-container is-layout-constrained wp-block-group-is-layout-constrained\">\n<pre class=\"wp-block-preformatted has-black-color has-luminous-vivid-amber-background-color has-text-color has-background has-medium-font-size\" style=\"font-style:normal;font-weight:400\">     <strong>Pentru anul \u0219colar 2023\/2024 - Liceul Teoretic \u201eConstantin Br\u00e2ncoveanu\u201d D\u0103buleni, prin Planul de Scolarizare aprobat de c\u0103tre ISJ Dolj, are 2 clase preg\u0103titoare, dup\u0103 cum urmeaz\u0103: <\/strong><\/pre>\n<\/div><\/div>\n\n\n\n<div class=\"wp-block-group\"><div class=\"wp-block-group__inner-container is-layout-constrained wp-block-group-is-layout-constrained\">\n<ul class=\"wp-block-list\">\n<li>Clasa preg\u0103titoare A &#8211; la Liceul Teoretic \u201eConstantin Br\u00e2ncoveanu\u201d, unitate de \u00eenv\u0103\u021b\u0103m\u00e2nt cu P.J.;<\/li>\n\n\n\n<li>Clasa preg\u0103titoare B &#8211; la \u0218coala Gimnazial\u0103 Nr. 3 &#8211; structur\u0103 a liceului.<\/li>\n<\/ul>\n\n\n\n<p class=\"has-text-align-center\">Anex\u0103m Calendarul \u00eenscrierii \u00een \u00eenv\u0103\u021b\u0103m\u00e2ntul primar, an \u0219colar 2023-2024 <a href=\"https:\/\/teoreticdabuleni.ro\/wp-content\/uploads\/2023\/03\/Ordinul_3704_17.02.2023-calendar-inscriere-primar.pdf\">aici<\/a><\/p>\n\n\n\n<p class=\"has-text-align-center\">Anex\u0103m zonele arondate Liceului Teoretic <a href=\"https:\/\/teoreticdabuleni.ro\/wp-content\/uploads\/2023\/03\/Zona-arondata-LTD.pdf\">aici<\/a>, si Scolii Gimnaziale nr. 3 <a href=\"https:\/\/teoreticdabuleni.ro\/wp-content\/uploads\/2023\/03\/Zona-arondata-Sc.3.pdf\">aici<\/a><\/p>\n\n\n\n<p class=\"has-text-align-center has-small-font-size\">30 martie 2023<\/p>\n<\/div><\/div>\n<\/div><\/div>\n","protected":false},"excerpt":{"rendered":"<p>Pentru anul \u0219colar 2023\/2024 &#8211; Liceul Teoretic \u201eConstantin Br\u00e2ncoveanu\u201d D\u0103buleni, prin Planul de Scolarizare aprobat de c\u0103tre ISJ Dolj, are &hellip; <\/p>\n","protected":false},"author":1,"featured_media":0,"parent":0,"menu_order":0,"comment_status":"closed","ping_status":"closed","template":"","meta":{"footnotes":""},"class_list":["post-220","page","type-page","status-publish","hentry"],"_links":{"self":[{"href":"https:\/\/teoreticdabuleni.ro\/index.php?rest_route=\/wp\/v2\/pages\/220","targetHints":{"allow":["GET"]}}],"collection":[{"href":"https:\/\/teoreticdabuleni.ro\/index.php?rest_route=\/wp\/v2\/pages"}],"about":[{"href":"https:\/\/teoreticdabuleni.ro\/index.php?rest_route=\/wp\/v2\/types\/page"}],"author":[{"embeddable":true,"href":"https:\/\/teoreticdabuleni.ro\/index.php?rest_route=\/wp\/v2\/users\/1"}],"replies":[{"embeddable":true,"href":"https:\/\/teoreticdabuleni.ro\/index.php?rest_route=%2Fwp%2Fv2%2Fcomments&post=220"}],"version-history":[{"count":4,"href":"https:\/\/teoreticdabuleni.ro\/index.php?rest_route=\/wp\/v2\/pages\/220\/revisions"}],"predecessor-version":[{"id":495,"href":"https:\/\/teoreticdabuleni.ro\/index.php?rest_route=\/wp\/v2\/pages\/220\/revisions\/495"}],"wp:attachment":[{"href":"https:\/\/teoreticdabuleni.ro\/index.php?rest_route=%2Fwp%2Fv2%2Fmedia&parent=220"}],"curies":[{"name":"wp","href":"https:\/\/api.w.org\/{rel}","templated":true}]}}