{"id":66,"date":"2021-11-19T12:33:46","date_gmt":"2021-11-19T12:33:46","guid":{"rendered":"https:\/\/teoreticdabuleni.ro\/?page_id=66"},"modified":"2023-03-31T10:46:49","modified_gmt":"2023-03-31T10:46:49","slug":"noutati","status":"publish","type":"page","link":"https:\/\/teoreticdabuleni.ro\/?page_id=66","title":{"rendered":"Nout\u0103\u021bi"},"content":{"rendered":"\n<div class=\"wp-block-group\"><div class=\"wp-block-group__inner-container is-layout-constrained wp-block-group-is-layout-constrained\">\n<div class=\"wp-block-group\"><div class=\"wp-block-group__inner-container is-layout-constrained wp-block-group-is-layout-constrained\">\n<div class=\"wp-block-group\"><div class=\"wp-block-group__inner-container is-layout-flow wp-block-group-is-layout-flow\"><ul class=\"wp-block-latest-posts__list has-dates wp-block-latest-posts\"><li><a class=\"wp-block-latest-posts__post-title\" href=\"https:\/\/teoreticdabuleni.ro\/?p=626\">SmartLab Liceul Teoretic \u201eConstantin Br\u00e2ncoveanu\u201d<\/a><time datetime=\"2025-12-19T12:31:50+02:00\" class=\"wp-block-latest-posts__post-date\">19 decembrie 2025<\/time><div class=\"wp-block-latest-posts__post-excerpt\">F-PNRR-SmartLabs-2023-2340<\/div><\/li>\n<li><a class=\"wp-block-latest-posts__post-title\" href=\"https:\/\/teoreticdabuleni.ro\/?p=612\">Rezultate finale ERASMUS+ 2025<\/a><time datetime=\"2025-11-11T14:24:37+02:00\" class=\"wp-block-latest-posts__post-date\">11 noiembrie 2025<\/time><div class=\"wp-block-latest-posts__post-excerpt\">Proiect Nr. 2025-1-RO01-KA121-VET-000308331 Cod Acreditare: 2023-1-RO01-KA120-VET-000185938\u00a0aici<\/div><\/li>\n<li><a class=\"wp-block-latest-posts__post-title\" href=\"https:\/\/teoreticdabuleni.ro\/?p=603\">Rezultate ini\u021biale ERASMUS+ 2025<\/a><time datetime=\"2025-11-10T09:34:34+02:00\" class=\"wp-block-latest-posts__post-date\">10 noiembrie 2025<\/time><div class=\"wp-block-latest-posts__post-excerpt\">Proiect Nr. 2025-1-RO01-KA121-VET-000308331 Cod Acreditare: 2023-1-RO01-KA120-VET-000185938 aici<\/div><\/li>\n<li><a class=\"wp-block-latest-posts__post-title\" href=\"https:\/\/teoreticdabuleni.ro\/?p=582\">Rezultate ERASMUS+ selectie dosare 2025<\/a><time datetime=\"2025-11-03T10:53:57+02:00\" class=\"wp-block-latest-posts__post-date\">3 noiembrie 2025<\/time><div class=\"wp-block-latest-posts__post-excerpt\">Rezultate selec\u0163ie dosare ale participan\u0163ilor la mobilitatea din cadrul proiectului Nr. 2025-1-RO01-KA121-VET-000308331 Cod Acreditare: 2023-1-RO01-KA120-VET-000185938<\/div><\/li>\n<li><a class=\"wp-block-latest-posts__post-title\" href=\"https:\/\/teoreticdabuleni.ro\/?p=566\">PROIECT ERASMUS+ 2025 &#8211; selec\u021bie<\/a><time datetime=\"2025-10-20T09:28:09+02:00\" class=\"wp-block-latest-posts__post-date\">20 octombrie 2025<\/time><div class=\"wp-block-latest-posts__post-excerpt\">Formare profesional\u0103 din cadrul proiectului de mobilitate&nbsp; Nr. 2025-1-RO01-KA121-VET-000308331 \/ Cod Acreditare: 2023-1-RO01-KA120-VET-000185938<\/div><\/li>\n<li><a class=\"wp-block-latest-posts__post-title\" href=\"https:\/\/teoreticdabuleni.ro\/?p=551\">Revista liceului \u201eMETAPHORA\u201d &#8211; nr. 7<\/a><time datetime=\"2025-05-21T10:19:40+02:00\" class=\"wp-block-latest-posts__post-date\">21 mai 2025<\/time><div class=\"wp-block-latest-posts__post-excerpt\">&nbsp;&nbsp;&nbsp;&nbsp;&nbsp;&nbsp;&nbsp;&nbsp;&nbsp;&nbsp;&nbsp;&nbsp;&nbsp;&nbsp;&nbsp; Ast\u0103zi este \u0219i despre noi \u2013 Liceul Teoretic \u201eConstantin Br\u00e2ncoveanu\u201d D\u0103buleni! &nbsp;&nbsp;&nbsp;&nbsp;&nbsp;&nbsp;&nbsp;&nbsp;&nbsp;&nbsp;&nbsp;&nbsp;&nbsp;&nbsp;&nbsp; 64 de ani \u2013 cu multe, foarte &hellip; <\/div><\/li>\n<li><a class=\"wp-block-latest-posts__post-title\" href=\"https:\/\/teoreticdabuleni.ro\/?p=535\">Rezultate finale selec\u021bie Erasmus+ VET<\/a><time datetime=\"2024-10-18T09:49:32+02:00\" class=\"wp-block-latest-posts__post-date\">18 octombrie 2024<\/time><div class=\"wp-block-latest-posts__post-excerpt\">&nbsp;Liceul Teoretic \u201cConstantin Br\u00e2ncoveanu\u201d D\u0103buleni &#8211; finalizarea procesului de selec\u021bie a elevilor participan\u021bi la proiectul Nr. 2024-1-RO01-KA121-VET-000203902Cod Acreditare: 2023-1-RO01-KA120-VET-000185938.<\/div><\/li>\n<li><a class=\"wp-block-latest-posts__post-title\" href=\"https:\/\/teoreticdabuleni.ro\/?p=523\">#ErasmusDays<\/a><time datetime=\"2024-10-17T09:15:09+02:00\" class=\"wp-block-latest-posts__post-date\">17 octombrie 2024<\/time><div class=\"wp-block-latest-posts__post-excerpt\">#ErasmusDays: F\u0103 Europa s\u0103 str\u0103luceasc\u0103! Spiritul Erasmus+ \u0219i imagina\u021bia elevilor no\u0219tri au reprezentat variabilele care au generat concursul de postere &hellip; <\/div><\/li>\n<li><a class=\"wp-block-latest-posts__post-title\" href=\"https:\/\/teoreticdabuleni.ro\/?p=521\">Rezultate ini\u021biale selec\u021bie Erasmus+ VET<\/a><time datetime=\"2024-10-17T08:32:48+02:00\" class=\"wp-block-latest-posts__post-date\">17 octombrie 2024<\/time><div class=\"wp-block-latest-posts__post-excerpt\">S\u0103pt\u0103m\u00e2na #ErasmusDays la Liceul Teoretic \u201cConstantin Br\u00e2ncoveanu\u201d D\u0103buleni a marcat finalizarea procesului de selec\u021bie a elevilor participan\u021bi la proiectul Nr. &hellip; <\/div><\/li>\n<li><a class=\"wp-block-latest-posts__post-title\" href=\"https:\/\/teoreticdabuleni.ro\/?p=505\">PROIECT ERASMUS+<\/a><time datetime=\"2024-09-30T07:34:08+02:00\" class=\"wp-block-latest-posts__post-date\">30 septembrie 2024<\/time><div class=\"wp-block-latest-posts__post-excerpt\">Formare profesional\u0103 din cadrul proiectului de mobilitate&nbsp; Nr. 2024-1-RO01-KA121-VET-000203902\/Cod Acreditare: 2023-1-RO01-KA120-VET-000185938<\/div><\/li>\n<\/ul>\n\n\n<hr class=\"wp-block-separator has-alpha-channel-opacity\"\/>\n<\/div><\/div>\n\n\n\n<pre class=\"wp-block-preformatted has-black-color has-luminous-vivid-amber-background-color has-text-color has-background has-medium-font-size\" style=\"font-style:normal;font-weight:400\">     <strong>Pentru anul \u0219colar 2023\/2024 - Liceul Teoretic \u201eConstantin Br\u00e2ncoveanu\u201d D\u0103buleni, prin Planul de Scolarizare aprobat de c\u0103tre ISJ Dolj, are 2 clase preg\u0103titoare, dup\u0103 cum urmeaz\u0103: <\/strong><\/pre>\n<\/div><\/div>\n\n\n\n<div class=\"wp-block-group\"><div class=\"wp-block-group__inner-container is-layout-constrained wp-block-group-is-layout-constrained\">\n<ul class=\"wp-block-list\">\n<li>Clasa preg\u0103titoare A &#8211; la Liceul Teoretic \u201eConstantin Br\u00e2ncoveanu\u201d, unitate de \u00eenv\u0103\u021b\u0103m\u00e2nt cu P.J.;<\/li>\n\n\n\n<li>Clasa preg\u0103titoare B &#8211; la \u0218coala Gimnazial\u0103 Nr. 3 &#8211; structur\u0103 a liceului.<\/li>\n<\/ul>\n\n\n\n<p class=\"has-text-align-center\">Anex\u0103m Calendarul \u00eenscrierii \u00een \u00eenv\u0103\u021b\u0103m\u00e2ntul primar, an \u0219colar 2023-2024 <a href=\"https:\/\/teoreticdabuleni.ro\/wp-content\/uploads\/2023\/03\/Ordinul_3704_17.02.2023-calendar-inscriere-primar.pdf\">aici<\/a><\/p>\n\n\n\n<p class=\"has-text-align-center\">Anex\u0103m zonele arondate Liceului Teoretic <a href=\"https:\/\/teoreticdabuleni.ro\/wp-content\/uploads\/2023\/03\/Zona-arondata-LTD.pdf\">aici<\/a>, si Scolii Gimnaziale nr. 3 <a href=\"https:\/\/teoreticdabuleni.ro\/wp-content\/uploads\/2023\/03\/Zona-arondata-Sc.3.pdf\">aici<\/a><\/p>\n\n\n\n<p class=\"has-text-align-center has-small-font-size\">30 martie 2023<\/p>\n\n\n\n<hr class=\"wp-block-separator has-alpha-channel-opacity\"\/>\n<\/div><\/div>\n<\/div><\/div>\n\n\n\n<p class=\"has-black-color has-luminous-vivid-amber-background-color has-text-color has-background\"><strong>Model declara\u021bie pe propria r\u0103spundere deducere suplimentar\u0103 conform OUG 16\/2022<\/strong> <a href=\"https:\/\/docs.google.com\/document\/d\/1ovyJi57ki0MvUa9omANcNcexn3zVW-rj\/edit?usp=share_link&amp;ouid=101427775295941824391&amp;rtpof=true&amp;sd=true\">aici<\/a><\/p>\n\n\n<iframe class=\"embed-pdf-viewer\" src=\"https:\/\/teoreticdabuleni.ro\/wp-content\/uploads\/2023\/01\/declaratie-deducere-suplimentara-impozit-2023.pdf\" height=\"882\" width=\"882\" title=\"declaratie-deducere-suplimentara-impozit-2023\"><\/iframe>\n\n\n<hr class=\"wp-block-separator has-alpha-channel-opacity\"\/>\n\n\n\n<p class=\"has-black-color has-luminous-vivid-amber-background-color has-text-color has-background\">ORDONANTA Nr. 16 &#8211; pentru modificarea si completarea Legii nr. 227\/2015 privind Codul fiscal, abrogarea unor acte normative si alte masuri financiar-fiscale<\/p>\n\n\n\n<div data-wp-interactive=\"core\/file\" class=\"wp-block-file\"><object data-wp-bind--hidden=\"!state.hasPdfPreview\" hidden class=\"wp-block-file__embed\" data=\"https:\/\/teoreticdabuleni.ro\/wp-content\/uploads\/2023\/01\/OUG-16_2022-modificare-Cod-fiscal.pdf\" type=\"application\/pdf\" style=\"width:100%;height:600px\" aria-label=\"\u00cenglobare pentru OUG-16_2022-modificare-Cod-fiscal.\"><\/object><a id=\"wp-block-file--media-12b1e309-5290-4875-baf4-4ea268ff6d46\" href=\"https:\/\/teoreticdabuleni.ro\/wp-content\/uploads\/2023\/01\/OUG-16_2022-modificare-Cod-fiscal.pdf\">OUG-16_2022-modificare-Cod-fiscal<\/a><a href=\"https:\/\/teoreticdabuleni.ro\/wp-content\/uploads\/2023\/01\/OUG-16_2022-modificare-Cod-fiscal.pdf\" class=\"wp-block-file__button wp-element-button\" download aria-describedby=\"wp-block-file--media-12b1e309-5290-4875-baf4-4ea268ff6d46\">Descarc\u0103<\/a><\/div>\n\n\n\n<hr class=\"wp-block-separator has-alpha-channel-opacity\"\/>\n\n\n\n<p class=\"has-black-color has-pale-cyan-blue-background-color has-text-color has-background\"><strong>M\u0103suri de prevenire a gripei<\/strong><\/p>\n\n\n\n<p><\/p>\n\n\n<iframe class=\"embed-pdf-viewer\" src=\"https:\/\/teoreticdabuleni.ro\/wp-content\/uploads\/2023\/01\/Masuri-de-prevenire-a-gripei2.pdf\" height=\"893\" width=\"893\" title=\"Masuri-de-prevenire-a-gripei2\"><\/iframe>\n\n\n<hr class=\"wp-block-separator has-alpha-channel-opacity\"\/>\n\n\n\n<p class=\"has-black-color has-cyan-bluish-gray-background-color has-text-color has-background\">Ordin_5242_calendarul_examenului_de_bacalaureat_2023<\/p>\n\n\n\n<div data-wp-interactive=\"core\/file\" class=\"wp-block-file\"><object data-wp-bind--hidden=\"!state.hasPdfPreview\" hidden class=\"wp-block-file__embed\" data=\"https:\/\/teoreticdabuleni.ro\/wp-content\/uploads\/2022\/09\/ordin_5242_calendar-bac-2023-1.pdf\" type=\"application\/pdf\" style=\"width:100%;height:600px\" aria-label=\"\u00cenglobare pentru ordin_5242_calendar-bac-2023-1.\"><\/object><a id=\"wp-block-file--media-fa665cf8-84d6-4039-8bc1-0ef804fb2551\" href=\"https:\/\/teoreticdabuleni.ro\/wp-content\/uploads\/2022\/09\/ordin_5242_calendar-bac-2023-1.pdf\">ordin_5242_calendar-bac-2023-1<\/a><a href=\"https:\/\/teoreticdabuleni.ro\/wp-content\/uploads\/2022\/09\/ordin_5242_calendar-bac-2023-1.pdf\" class=\"wp-block-file__button wp-element-button\" download aria-describedby=\"wp-block-file--media-fa665cf8-84d6-4039-8bc1-0ef804fb2551\">Descarc\u0103<\/a><\/div>\n\n\n\n<hr class=\"wp-block-separator has-alpha-channel-opacity\"\/>\n\n\n\n<p class=\"has-vivid-cyan-blue-background-color has-background\"><a href=\"https:\/\/teoreticdabuleni.ro\/wp-content\/uploads\/2023\/01\/Calendar-EN-2023.pdf\">Calendar Evaluare Na\u021bional\u0103 2023<\/a><\/p>\n\n\n\n<p>Calendar EN 2023<\/p>\n\n\n<iframe class=\"embed-pdf-viewer\" src=\"https:\/\/teoreticdabuleni.ro\/wp-content\/uploads\/2023\/01\/Calendar-EN-2023.pdf\" height=\"853\" width=\"853\" title=\"Calendar EN 2023\"><\/iframe>\n\n\n<hr class=\"wp-block-separator has-alpha-channel-opacity\"\/>\n\n\n\n<p class=\"has-pale-cyan-blue-background-color has-background\">Ordin_5243_admitere-liceu-2023-2024<\/p>\n\n\n\n<div data-wp-interactive=\"core\/file\" class=\"wp-block-file\"><object data-wp-bind--hidden=\"!state.hasPdfPreview\" hidden class=\"wp-block-file__embed\" data=\"https:\/\/teoreticdabuleni.ro\/wp-content\/uploads\/2022\/09\/ordin_5243_admitere-liceu-2023-2024.pdf\" type=\"application\/pdf\" style=\"width:100%;height:600px\" aria-label=\"\u00cenglobare pentru ordin_5243_admitere-liceu-2023-2024.\"><\/object><a id=\"wp-block-file--media-78568bb9-cf83-4309-80d9-0428c2f1f5e4\" href=\"https:\/\/teoreticdabuleni.ro\/wp-content\/uploads\/2022\/09\/ordin_5243_admitere-liceu-2023-2024.pdf\">ordin_5243_admitere-liceu-2023-2024<\/a><a href=\"https:\/\/teoreticdabuleni.ro\/wp-content\/uploads\/2022\/09\/ordin_5243_admitere-liceu-2023-2024.pdf\" class=\"wp-block-file__button wp-element-button\" download aria-describedby=\"wp-block-file--media-78568bb9-cf83-4309-80d9-0428c2f1f5e4\">Descarc\u0103<\/a><\/div>\n\n\n\n<hr class=\"wp-block-separator has-alpha-channel-opacity\"\/>\n\n\n\n<p class=\"has-pale-cyan-blue-background-color has-background\"><strong>Structura anului \u0219colar 2022-2023<\/strong><\/p>\n\n\n\n<div data-wp-interactive=\"core\/file\" class=\"wp-block-file aligncenter\"><object data-wp-bind--hidden=\"!state.hasPdfPreview\" hidden class=\"wp-block-file__embed\" data=\"https:\/\/teoreticdabuleni.ro\/wp-content\/uploads\/2022\/09\/ORDIN-nr.-3.505-din-31-martie-2022.pdf\" type=\"application\/pdf\" style=\"width:100%;height:600px\" aria-label=\"\u00cenglobare pentru ORDIN-nr.-3.505-din-31-martie-2022.\"><\/object><a id=\"wp-block-file--media-c4e7ec22-fcb9-444b-8f2c-ef43cb0f6318\" href=\"https:\/\/teoreticdabuleni.ro\/wp-content\/uploads\/2022\/09\/ORDIN-nr.-3.505-din-31-martie-2022.pdf\">ORDIN-nr.-3.505-din-31-martie-2022<\/a><a href=\"https:\/\/teoreticdabuleni.ro\/wp-content\/uploads\/2022\/09\/ORDIN-nr.-3.505-din-31-martie-2022.pdf\" class=\"wp-block-file__button wp-element-button\" download aria-describedby=\"wp-block-file--media-c4e7ec22-fcb9-444b-8f2c-ef43cb0f6318\">Descarc\u0103<\/a><\/div>\n\n\n\n<hr class=\"wp-block-separator has-alpha-channel-opacity\"\/>\n\n\n\n<p>Rezultate Evaluarea Na\u021bional\u0103 2022, \u00eenainte de contesta\u021bii: <a href=\"http:\/\/evaluare.edu.ro\/Evaluare\/CandPerScoalaIAD.aspx?Jud=18&amp;Sc=11371173\" target=\"_blank\" rel=\"noreferrer noopener\">Liceul Teoretic \u201eC. Brancoveanu\u201d<\/a> \u0219i <a href=\"http:\/\/evaluare.edu.ro\/Evaluare\/CandPerScoalaIAD.aspx?Jud=18&amp;Sc=11371177\" target=\"_blank\" rel=\"noreferrer noopener\">\u0218coala Gimnazial\u0103 nr. 3<\/a><\/p>\n\n\n\n<hr class=\"wp-block-separator has-alpha-channel-opacity\"\/>\n\n\n\n<figure class=\"wp-block-image size-medium is-style-rounded\"><img decoding=\"async\" width=\"300\" height=\"150\" src=\"https:\/\/teoreticdabuleni.ro\/wp-content\/uploads\/2021\/12\/Erasmus-plus-300x150.jpg\" alt=\"\" class=\"wp-image-184\" srcset=\"https:\/\/teoreticdabuleni.ro\/wp-content\/uploads\/2021\/12\/Erasmus-plus-300x150.jpg 300w, https:\/\/teoreticdabuleni.ro\/wp-content\/uploads\/2021\/12\/Erasmus-plus-1024x512.jpg 1024w, https:\/\/teoreticdabuleni.ro\/wp-content\/uploads\/2021\/12\/Erasmus-plus-768x384.jpg 768w, https:\/\/teoreticdabuleni.ro\/wp-content\/uploads\/2021\/12\/Erasmus-plus-1536x768.jpg 1536w, https:\/\/teoreticdabuleni.ro\/wp-content\/uploads\/2021\/12\/Erasmus-plus.jpg 1800w\" sizes=\"(max-width: 300px) 100vw, 300px\" \/><figcaption class=\"wp-element-caption\"><strong><span class=\"has-inline-color has-vivid-cyan-blue-color\"><a href=\"https:\/\/cvlpress.ro\/13.12.2021\/comunicat-public-erasmus-vet\/\">diseminare proiect<em> 2020-1-RO01-KA102-07 8186<\/em><\/a><\/span><\/strong><\/figcaption><\/figure>\n\n\n\n<hr class=\"wp-block-separator has-alpha-channel-opacity\"\/>\n\n\n\n<p><\/p>\n\n\n\n<p class=\"has-background\" style=\"background-color:#e0e6e8\"><strong>Au fost publicate modelele de subiecte pentru examenul de <a href=\"http:\/\/subiecte.edu.ro\/2022\/bacalaureat\/modeledesubiecte\/\" data-type=\"URL\">Bacalaureat <\/a>\u0219i pentru <a href=\"http:\/\/subiecte.edu.ro\/2022\/evaluarenationala\/modeledesubiecte\/\">Evaluarea Na\u021bional\u0103<\/a> 2022<\/strong><\/p>\n\n\n\n<hr class=\"wp-block-separator has-alpha-channel-opacity\"\/>\n","protected":false},"excerpt":{"rendered":"<p>Pentru anul \u0219colar 2023\/2024 &#8211; Liceul Teoretic \u201eConstantin Br\u00e2ncoveanu\u201d D\u0103buleni, prin Planul de Scolarizare aprobat de c\u0103tre ISJ Dolj, are &hellip; <\/p>\n","protected":false},"author":1,"featured_media":0,"parent":0,"menu_order":0,"comment_status":"closed","ping_status":"closed","template":"","meta":{"footnotes":""},"class_list":["post-66","page","type-page","status-publish","hentry"],"_links":{"self":[{"href":"https:\/\/teoreticdabuleni.ro\/index.php?rest_route=\/wp\/v2\/pages\/66","targetHints":{"allow":["GET"]}}],"collection":[{"href":"https:\/\/teoreticdabuleni.ro\/index.php?rest_route=\/wp\/v2\/pages"}],"about":[{"href":"https:\/\/teoreticdabuleni.ro\/index.php?rest_route=\/wp\/v2\/types\/page"}],"author":[{"embeddable":true,"href":"https:\/\/teoreticdabuleni.ro\/index.php?rest_route=\/wp\/v2\/users\/1"}],"replies":[{"embeddable":true,"href":"https:\/\/teoreticdabuleni.ro\/index.php?rest_route=%2Fwp%2Fv2%2Fcomments&post=66"}],"version-history":[{"count":39,"href":"https:\/\/teoreticdabuleni.ro\/index.php?rest_route=\/wp\/v2\/pages\/66\/revisions"}],"predecessor-version":[{"id":434,"href":"https:\/\/teoreticdabuleni.ro\/index.php?rest_route=\/wp\/v2\/pages\/66\/revisions\/434"}],"wp:attachment":[{"href":"https:\/\/teoreticdabuleni.ro\/index.php?rest_route=%2Fwp%2Fv2%2Fmedia&parent=66"}],"curies":[{"name":"wp","href":"https:\/\/api.w.org\/{rel}","templated":true}]}}